{"id":81,"date":"2024-05-29T07:29:02","date_gmt":"2024-05-29T07:29:02","guid":{"rendered":"https:\/\/nattelyithy.dk\/index.php\/familie-vaerelse\/"},"modified":"2024-06-06T12:30:39","modified_gmt":"2024-06-06T12:30:39","slug":"familie-vaerelse","status":"publish","type":"page","link":"https:\/\/nattelyithy.dk\/index.php\/familie-vaerelse\/","title":{"rendered":"Familie v\u00e6relse"},"content":{"rendered":"\n\n\n<p>Familie v\u00e6relse<\/p>\n\n\n\n<figure class=\"wp-block-gallery has-nested-images columns-default is-cropped wp-block-gallery-1 is-layout-flex wp-block-gallery-is-layout-flex\">\n<figure class=\"wp-block-image size-large is-style-rounded\"><a href=\"https:\/\/nattelyithy.dk\/wp-content\/uploads\/2024\/05\/Vaer-1-set-fra-doer-1-scaled.jpg\" target=\"_blank\" rel=\"noopener\"><img loading=\"lazy\" decoding=\"async\" width=\"1024\" height=\"577\" data-id=\"109\" src=\"https:\/\/nattelyithy.dk\/wp-content\/uploads\/2024\/05\/Vaer-1-set-fra-doer-1-1024x577.jpg\" alt=\"\" class=\"wp-image-109\" srcset=\"https:\/\/nattelyithy.dk\/wp-content\/uploads\/2024\/05\/Vaer-1-set-fra-doer-1-1024x577.jpg 1024w, https:\/\/nattelyithy.dk\/wp-content\/uploads\/2024\/05\/Vaer-1-set-fra-doer-1-300x169.jpg 300w, https:\/\/nattelyithy.dk\/wp-content\/uploads\/2024\/05\/Vaer-1-set-fra-doer-1-768x432.jpg 768w, https:\/\/nattelyithy.dk\/wp-content\/uploads\/2024\/05\/Vaer-1-set-fra-doer-1-1536x865.jpg 1536w, https:\/\/nattelyithy.dk\/wp-content\/uploads\/2024\/05\/Vaer-1-set-fra-doer-1-2048x1153.jpg 2048w, https:\/\/nattelyithy.dk\/wp-content\/uploads\/2024\/05\/Vaer-1-set-fra-doer-1-1918x1080.jpg 1918w\" sizes=\"(max-width: 1024px) 100vw, 1024px\" \/><\/a><\/figure>\n\n\n\n<figure class=\"wp-block-image size-large is-style-rounded\"><a href=\"https:\/\/nattelyithy.dk\/wp-content\/uploads\/2024\/05\/vaer.-1-scaled.jpg\" target=\"_blank\" rel=\"noopener\"><img loading=\"lazy\" decoding=\"async\" width=\"1024\" height=\"577\" data-id=\"110\" src=\"https:\/\/nattelyithy.dk\/wp-content\/uploads\/2024\/05\/vaer.-1-1024x577.jpg\" alt=\"\" class=\"wp-image-110\" srcset=\"https:\/\/nattelyithy.dk\/wp-content\/uploads\/2024\/05\/vaer.-1-1024x577.jpg 1024w, https:\/\/nattelyithy.dk\/wp-content\/uploads\/2024\/05\/vaer.-1-300x169.jpg 300w, https:\/\/nattelyithy.dk\/wp-content\/uploads\/2024\/05\/vaer.-1-768x432.jpg 768w, https:\/\/nattelyithy.dk\/wp-content\/uploads\/2024\/05\/vaer.-1-1536x865.jpg 1536w, https:\/\/nattelyithy.dk\/wp-content\/uploads\/2024\/05\/vaer.-1-2048x1153.jpg 2048w, https:\/\/nattelyithy.dk\/wp-content\/uploads\/2024\/05\/vaer.-1-1918x1080.jpg 1918w\" sizes=\"(max-width: 1024px) 100vw, 1024px\" \/><\/a><\/figure>\n<\/figure>\n\n\n\n<p>F\u00e6llesomr\u00e5det<\/p>\n\n\n\n<figure class=\"wp-block-gallery has-nested-images columns-default is-cropped wp-block-gallery-2 is-layout-flex wp-block-gallery-is-layout-flex\">\n<figure class=\"wp-block-image size-large is-style-default\"><a href=\"https:\/\/nattelyithy.dk\/index.php\/familie-vaerelse\/stue-1-2\/\" target=\"_blank\" rel=\"noopener\"><img loading=\"lazy\" decoding=\"async\" width=\"2560\" height=\"1441\" data-id=\"119\" src=\"https:\/\/nattelyithy.dk\/wp-content\/uploads\/2024\/05\/Stue-1-2-scaled.jpg\" alt=\"\" class=\"wp-image-119\" srcset=\"https:\/\/nattelyithy.dk\/wp-content\/uploads\/2024\/05\/Stue-1-2-scaled.jpg 2560w, https:\/\/nattelyithy.dk\/wp-content\/uploads\/2024\/05\/Stue-1-2-300x169.jpg 300w\" sizes=\"(max-width: 2560px) 100vw, 2560px\" \/><\/a><\/figure>\n\n\n\n<figure class=\"wp-block-image size-large\"><a href=\"https:\/\/nattelyithy.dk\/index.php\/familie-vaerelse\/stue-2-2\/\" target=\"_blank\" rel=\"noopener\"><img loading=\"lazy\" decoding=\"async\" width=\"1024\" height=\"577\" data-id=\"118\" src=\"https:\/\/nattelyithy.dk\/wp-content\/uploads\/2024\/05\/Stue-2-2-1024x577.jpg\" alt=\"\" class=\"wp-image-118\" srcset=\"https:\/\/nattelyithy.dk\/wp-content\/uploads\/2024\/05\/Stue-2-2-1024x577.jpg 1024w, https:\/\/nattelyithy.dk\/wp-content\/uploads\/2024\/05\/Stue-2-2-300x169.jpg 300w, https:\/\/nattelyithy.dk\/wp-content\/uploads\/2024\/05\/Stue-2-2-768x432.jpg 768w, https:\/\/nattelyithy.dk\/wp-content\/uploads\/2024\/05\/Stue-2-2-1536x865.jpg 1536w, https:\/\/nattelyithy.dk\/wp-content\/uploads\/2024\/05\/Stue-2-2-2048x1153.jpg 2048w, https:\/\/nattelyithy.dk\/wp-content\/uploads\/2024\/05\/Stue-2-2-1918x1080.jpg 1918w\" sizes=\"(max-width: 1024px) 100vw, 1024px\" \/><\/a><\/figure>\n\n\n\n<figure class=\"wp-block-image size-large\"><a href=\"https:\/\/nattelyithy.dk\/index.php\/familie-vaerelse\/koekken-2\/\" target=\"_blank\" rel=\"noopener\"><img loading=\"lazy\" decoding=\"async\" width=\"1024\" height=\"577\" data-id=\"116\" src=\"https:\/\/nattelyithy.dk\/wp-content\/uploads\/2024\/05\/Koekken-2-1024x577.jpg\" alt=\"\" class=\"wp-image-116\" srcset=\"https:\/\/nattelyithy.dk\/wp-content\/uploads\/2024\/05\/Koekken-2-1024x577.jpg 1024w, https:\/\/nattelyithy.dk\/wp-content\/uploads\/2024\/05\/Koekken-2-300x169.jpg 300w, https:\/\/nattelyithy.dk\/wp-content\/uploads\/2024\/05\/Koekken-2-768x432.jpg 768w, https:\/\/nattelyithy.dk\/wp-content\/uploads\/2024\/05\/Koekken-2-1536x865.jpg 1536w, https:\/\/nattelyithy.dk\/wp-content\/uploads\/2024\/05\/Koekken-2-2048x1153.jpg 2048w, https:\/\/nattelyithy.dk\/wp-content\/uploads\/2024\/05\/Koekken-2-1918x1080.jpg 1918w\" sizes=\"(max-width: 1024px) 100vw, 1024px\" \/><\/a><\/figure>\n\n\n\n<figure class=\"wp-block-image size-large\"><a href=\"https:\/\/nattelyithy.dk\/index.php\/familie-vaerelse\/koekken\/\" target=\"_blank\" rel=\"noopener\"><img decoding=\"async\" data-id=\"115\" src=\"https:\/\/nattelyithy.dk\/wp-content\/uploads\/2024\/05\/Koekken.jpg\" alt=\"\" class=\"wp-image-115\"\/><\/a><\/figure>\n\n\n\n<figure class=\"wp-block-image size-large\"><a href=\"https:\/\/nattelyithy.dk\/index.php\/familie-vaerelse\/koekken-med-doer-til-tagterrasse\/\" target=\"_blank\" rel=\"noopener\"><img decoding=\"async\" data-id=\"117\" src=\"https:\/\/nattelyithy.dk\/wp-content\/uploads\/2024\/05\/Koekken-med-doer-til-tagterrasse.jpg\" alt=\"\" class=\"wp-image-117\"\/><\/a><\/figure>\n\n\n\n<figure class=\"wp-block-image size-large\"><a href=\"https:\/\/nattelyithy.dk\/index.php\/familie-vaerelse\/badevaerelse-4\/\" target=\"_blank\" rel=\"noopener\"><img loading=\"lazy\" decoding=\"async\" width=\"2560\" height=\"1441\" data-id=\"113\" src=\"https:\/\/nattelyithy.dk\/wp-content\/uploads\/2024\/05\/Badevaerelse-4-scaled.jpg\" alt=\"\" class=\"wp-image-113\"\/><\/a><\/figure>\n\n\n\n<figure class=\"wp-block-image size-large\"><a href=\"https:\/\/nattelyithy.dk\/index.php\/familie-vaerelse\/toilet-i-gang-3\/\" target=\"_blank\" rel=\"noopener\"><img loading=\"lazy\" decoding=\"async\" width=\"1024\" height=\"577\" data-id=\"114\" src=\"https:\/\/nattelyithy.dk\/wp-content\/uploads\/2024\/05\/Toilet-i-gang-3-1024x577.jpg\" alt=\"\" class=\"wp-image-114\" srcset=\"https:\/\/nattelyithy.dk\/wp-content\/uploads\/2024\/05\/Toilet-i-gang-3-1024x577.jpg 1024w, https:\/\/nattelyithy.dk\/wp-content\/uploads\/2024\/05\/Toilet-i-gang-3-300x169.jpg 300w\" sizes=\"(max-width: 1024px) 100vw, 1024px\" \/><\/a><\/figure>\n\n\n\n<figure class=\"wp-block-image size-large\"><a href=\"https:\/\/nattelyithy.dk\/index.php\/familie-vaerelse\/tagterrasse-med-moebler-2-jpg\/\" target=\"_blank\" rel=\"noopener\"><img loading=\"lazy\" decoding=\"async\" width=\"1024\" height=\"576\" data-id=\"111\" src=\"https:\/\/nattelyithy.dk\/wp-content\/uploads\/2024\/05\/Tagterrasse-med-moebler-2.jpg-1024x576.jpg\" alt=\"\" class=\"wp-image-111\" srcset=\"https:\/\/nattelyithy.dk\/wp-content\/uploads\/2024\/05\/Tagterrasse-med-moebler-2.jpg-1024x576.jpg 1024w, https:\/\/nattelyithy.dk\/wp-content\/uploads\/2024\/05\/Tagterrasse-med-moebler-2.jpg-300x169.jpg 300w, https:\/\/nattelyithy.dk\/wp-content\/uploads\/2024\/05\/Tagterrasse-med-moebler-2.jpg-768x432.jpg 768w, https:\/\/nattelyithy.dk\/wp-content\/uploads\/2024\/05\/Tagterrasse-med-moebler-2.jpg-1536x864.jpg 1536w, https:\/\/nattelyithy.dk\/wp-content\/uploads\/2024\/05\/Tagterrasse-med-moebler-2.jpg-1920x1080.jpg 1920w, https:\/\/nattelyithy.dk\/wp-content\/uploads\/2024\/05\/Tagterrasse-med-moebler-2.jpg.jpg 2048w\" sizes=\"(max-width: 1024px) 100vw, 1024px\" \/><\/a><\/figure>\n\n\n\n<figure class=\"wp-block-image size-large\"><a href=\"https:\/\/nattelyithy.dk\/index.php\/familie-vaerelse\/tagterrasse-med-moebler\/\" target=\"_blank\" rel=\"noopener\"><img loading=\"lazy\" decoding=\"async\" width=\"1024\" height=\"576\" data-id=\"112\" src=\"https:\/\/nattelyithy.dk\/wp-content\/uploads\/2024\/05\/Tagterrasse-med-moebler-1024x576.jpg\" alt=\"\" class=\"wp-image-112\" srcset=\"https:\/\/nattelyithy.dk\/wp-content\/uploads\/2024\/05\/Tagterrasse-med-moebler-1024x576.jpg 1024w, https:\/\/nattelyithy.dk\/wp-content\/uploads\/2024\/05\/Tagterrasse-med-moebler-300x169.jpg 300w, https:\/\/nattelyithy.dk\/wp-content\/uploads\/2024\/05\/Tagterrasse-med-moebler-768x432.jpg 768w, https:\/\/nattelyithy.dk\/wp-content\/uploads\/2024\/05\/Tagterrasse-med-moebler-1536x864.jpg 1536w, https:\/\/nattelyithy.dk\/wp-content\/uploads\/2024\/05\/Tagterrasse-med-moebler-1920x1080.jpg 1920w, https:\/\/nattelyithy.dk\/wp-content\/uploads\/2024\/05\/Tagterrasse-med-moebler.jpg 2048w\" sizes=\"(max-width: 1024px) 100vw, 1024px\" \/><\/a><\/figure>\n<\/figure>\n\n\n\n\n\n\n\n\n\n<p><\/p>\n\n\n","protected":false},"excerpt":{"rendered":"<p>Familie v\u00e6relse F\u00e6llesomr\u00e5det<\/p>\n","protected":false},"author":1,"featured_media":0,"parent":0,"menu_order":0,"comment_status":"closed","ping_status":"closed","template":"full-width","meta":{"saved_in_kubio":true,"footnotes":""},"class_list":["post-81","page","type-page","status-publish","hentry"],"kubio_ai_page_context":{"short_desc":"","purpose":"general"},"_links":{"self":[{"href":"https:\/\/nattelyithy.dk\/index.php\/wp-json\/wp\/v2\/pages\/81","targetHints":{"allow":["GET"]}}],"collection":[{"href":"https:\/\/nattelyithy.dk\/index.php\/wp-json\/wp\/v2\/pages"}],"about":[{"href":"https:\/\/nattelyithy.dk\/index.php\/wp-json\/wp\/v2\/types\/page"}],"author":[{"embeddable":true,"href":"https:\/\/nattelyithy.dk\/index.php\/wp-json\/wp\/v2\/users\/1"}],"replies":[{"embeddable":true,"href":"https:\/\/nattelyithy.dk\/index.php\/wp-json\/wp\/v2\/comments?post=81"}],"version-history":[{"count":32,"href":"https:\/\/nattelyithy.dk\/index.php\/wp-json\/wp\/v2\/pages\/81\/revisions"}],"predecessor-version":[{"id":454,"href":"https:\/\/nattelyithy.dk\/index.php\/wp-json\/wp\/v2\/pages\/81\/revisions\/454"}],"wp:attachment":[{"href":"https:\/\/nattelyithy.dk\/index.php\/wp-json\/wp\/v2\/media?parent=81"}],"curies":[{"name":"wp","href":"https:\/\/api.w.org\/{rel}","templated":true}]}}